{"id":468,"date":"2025-02-26T12:14:37","date_gmt":"2025-02-26T11:14:37","guid":{"rendered":"https:\/\/existoeninternet.com\/veterinario-profesional\/"},"modified":"2025-02-26T12:14:37","modified_gmt":"2025-02-26T11:14:37","slug":"veterinario-profesional","status":"publish","type":"page","link":"https:\/\/existoeninternet.com\/en\/veterinario-profesional\/","title":{"rendered":"Veterinario profesional"},"content":{"rendered":"<div  class='flex_column av-av_one_full-4453fbc7e8da734fe9d5824da1c72891 av_one_full  avia-builder-el-0  el_before_av_one_half  avia-builder-el-first  first flex_column_div  '     ><style type=\"text\/css\" data-created_by=\"avia_inline_auto\" id=\"style-css-av-m7ltby97-c46fbb2f7923ea18a9c816c1326cab7c\">\n#top .av-special-heading.av-m7ltby97-c46fbb2f7923ea18a9c816c1326cab7c{\npadding-bottom:10px;\n}\nbody .av-special-heading.av-m7ltby97-c46fbb2f7923ea18a9c816c1326cab7c .av-special-heading-tag .heading-char{\nfont-size:25px;\n}\n.av-special-heading.av-m7ltby97-c46fbb2f7923ea18a9c816c1326cab7c .av-subheading{\nfont-size:15px;\n}\n<\/style>\n<div  class='av-special-heading av-m7ltby97-c46fbb2f7923ea18a9c816c1326cab7c av-special-heading-h1  avia-builder-el-1  avia-builder-el-no-sibling '><h1 class='av-special-heading-tag '  itemprop=\"headline\"  >Cuidado veterinario profesional de confianza para tu mascota<\/h1><div class=\"special-heading-border\"><div class=\"special-heading-inner-border\"><\/div><\/div><\/div><\/div><div  class='flex_column av-av_one_half-4453fbc7e8da734fe9d5824da1c72891 av_one_half  avia-builder-el-2  el_after_av_one_full  el_before_av_one_half  first flex_column_div  column-top-margin'     ><p><section  class='av_textblock_section av-m7ltd901-980e6e685dc50e35fb5fbe45796f3660 '   itemscope=\"itemscope\" itemtype=\"https:\/\/schema.org\/CreativeWork\" ><div class='avia_textblock'  itemprop=\"text\" ><p>En Cl\u00ednica ABC nos dedicamos a ofrecer atenci\u00f3n <strong>veterinaria profesional<\/strong> y cercana, asegurando el bienestar y la salud de tu mascota en cada etapa de su vida. Nuestro equipo de especialistas cuenta con amplia experiencia y utiliza tecnolog\u00eda avanzada para proporcionar diagn\u00f3sticos precisos y tratamientos eficaces. Creemos en una atenci\u00f3n personalizada, basada en el cari\u00f1o y el respeto, porque sabemos que tu mascota es parte de tu familia.<\/p>\n<\/div><\/section><br \/>\n\n<style type=\"text\/css\" data-created_by=\"avia_inline_auto\" id=\"style-css-av-m7ltcdwd-15580bd9d0f1dda049032ea0f54a32b0\">\n#top .av-special-heading.av-m7ltcdwd-15580bd9d0f1dda049032ea0f54a32b0{\npadding-bottom:10px;\n}\nbody .av-special-heading.av-m7ltcdwd-15580bd9d0f1dda049032ea0f54a32b0 .av-special-heading-tag .heading-char{\nfont-size:25px;\n}\n.av-special-heading.av-m7ltcdwd-15580bd9d0f1dda049032ea0f54a32b0 .av-subheading{\nfont-size:15px;\n}\n<\/style>\n<div  class='av-special-heading av-m7ltcdwd-15580bd9d0f1dda049032ea0f54a32b0 av-special-heading-h2  avia-builder-el-4  el_after_av_textblock  el_before_av_textblock '><h2 class='av-special-heading-tag '  itemprop=\"headline\"  >Servicios completos para la salud animal por un veterinario profesional<\/h2><div class=\"special-heading-border\"><div class=\"special-heading-inner-border\"><\/div><\/div><\/div><br \/>\n<section  class='av_textblock_section av-m7ltdn1a-61ae0beb62746528beb2dc1ab8e81aeb '   itemscope=\"itemscope\" itemtype=\"https:\/\/schema.org\/CreativeWork\" ><div class='avia_textblock'  itemprop=\"text\" ><p>Ofrecemos una amplia gama de servicios veterinario profesional para garantizar el cuidado integral de tu mascota. Desde consultas rutinarias, vacunaci\u00f3n y desparasitaci\u00f3n hasta cirug\u00edas, hospitalizaci\u00f3n y atenci\u00f3n de urgencias. Tambi\u00e9n disponemos de servicios especializados en odontolog\u00eda, dermatolog\u00eda y nutrici\u00f3n, para prevenir y tratar cualquier problema de salud. Nuestro objetivo es proporcionar el mejor cuidado con un trato amable y profesional, asegurando que cada mascota reciba la atenci\u00f3n que merece.<\/p>\n<p>Enlace de inter\u00e9s:\u00a0<a href=\"https:\/\/enlacedeinteres.com\">https:\/\/enlacedeinteres.com<\/a><\/p>\n<\/div><\/section><\/p><\/div><div  class='flex_column av-av_one_half-0aea53b2b2b1640975a748149304d755 av_one_half  avia-builder-el-6  el_after_av_one_half  avia-builder-el-last  flex_column_div  column-top-margin'     ><style type=\"text\/css\" data-created_by=\"avia_inline_auto\" id=\"style-css-av-m7lte8rz-5fcac9ad63135ec795d55e4badede664\">\n.avia-image-container.av-m7lte8rz-5fcac9ad63135ec795d55e4badede664 img.avia_image{\nbox-shadow:none;\n}\n.avia-image-container.av-m7lte8rz-5fcac9ad63135ec795d55e4badede664 .av-image-caption-overlay-center{\ncolor:#ffffff;\n}\n<\/style>\n<div  class='avia-image-container av-m7lte8rz-5fcac9ad63135ec795d55e4badede664 av-styling- avia-align-center  avia-builder-el-7  avia-builder-el-no-sibling '   itemprop=\"image\" itemscope=\"itemscope\" itemtype=\"https:\/\/schema.org\/ImageObject\" ><div class=\"avia-image-container-inner\"><div class=\"avia-image-overlay-wrap\"><img decoding=\"async\" fetchpriority=\"high\" class='wp-image-425 avia-img-lazy-loading-not-425 avia_image ' src=\"https:\/\/existoeninternet.com\/wp-content\/uploads\/2025\/02\/imagen-web-2.webp\" alt='Veterinario profesional cerca de ti' title='imagen-web'  height=\"1024\" width=\"1792\"  itemprop=\"thumbnailUrl\" srcset=\"https:\/\/existoeninternet.com\/wp-content\/uploads\/2025\/02\/imagen-web-2.webp 1792w, https:\/\/existoeninternet.com\/wp-content\/uploads\/2025\/02\/imagen-web-2-300x171.webp 300w, https:\/\/existoeninternet.com\/wp-content\/uploads\/2025\/02\/imagen-web-2-1030x589.webp 1030w, https:\/\/existoeninternet.com\/wp-content\/uploads\/2025\/02\/imagen-web-2-768x439.webp 768w, https:\/\/existoeninternet.com\/wp-content\/uploads\/2025\/02\/imagen-web-2-1536x878.webp 1536w, https:\/\/existoeninternet.com\/wp-content\/uploads\/2025\/02\/imagen-web-2-1500x857.webp 1500w, https:\/\/existoeninternet.com\/wp-content\/uploads\/2025\/02\/imagen-web-2-705x403.webp 705w\" sizes=\"(max-width: 1792px) 100vw, 1792px\" \/><\/div><\/div><\/div><\/div><\/p>\n","protected":false},"excerpt":{"rendered":"","protected":false},"author":1,"featured_media":0,"parent":0,"menu_order":0,"comment_status":"closed","ping_status":"closed","template":"","meta":{"footnotes":""},"class_list":["post-468","page","type-page","status-publish","hentry"],"yoast_head":"<!-- This site is optimized with the Yoast SEO plugin v24.5 - https:\/\/yoast.com\/wordpress\/plugins\/seo\/ -->\n<title>Veterinario profesional - Existo en Internet<\/title>\n<meta name=\"robots\" content=\"index, follow, max-snippet:-1, max-image-preview:large, max-video-preview:-1\" \/>\n<link rel=\"canonical\" href=\"https:\/\/existoeninternet.com\/en\/veterinario-profesional\/\" \/>\n<meta name=\"twitter:label1\" content=\"Est. reading time\" \/>\n\t<meta name=\"twitter:data1\" content=\"13 minutes\" \/>\n<script type=\"application\/ld+json\" class=\"yoast-schema-graph\">{\"@context\":\"https:\/\/schema.org\",\"@graph\":[{\"@type\":\"WebPage\",\"@id\":\"https:\/\/existoeninternet.com\/en\/veterinario-profesional\/\",\"url\":\"https:\/\/existoeninternet.com\/en\/veterinario-profesional\/\",\"name\":\"Veterinario profesional - Existo en Internet\",\"isPartOf\":{\"@id\":\"https:\/\/existoeninternet.com\/#website\"},\"datePublished\":\"2025-02-26T11:14:37+00:00\",\"breadcrumb\":{\"@id\":\"https:\/\/existoeninternet.com\/en\/veterinario-profesional\/#breadcrumb\"},\"inLanguage\":\"en-US\",\"potentialAction\":[{\"@type\":\"ReadAction\",\"target\":[\"https:\/\/existoeninternet.com\/en\/veterinario-profesional\/\"]}]},{\"@type\":\"BreadcrumbList\",\"@id\":\"https:\/\/existoeninternet.com\/en\/veterinario-profesional\/#breadcrumb\",\"itemListElement\":[{\"@type\":\"ListItem\",\"position\":1,\"name\":\"Portada\",\"item\":\"https:\/\/existoeninternet.com\/inicio\/\"},{\"@type\":\"ListItem\",\"position\":2,\"name\":\"Veterinario profesional\"}]},{\"@type\":\"WebSite\",\"@id\":\"https:\/\/existoeninternet.com\/#website\",\"url\":\"https:\/\/existoeninternet.com\/\",\"name\":\"Existo en Internet\",\"description\":\"Existo en Internet\",\"potentialAction\":[{\"@type\":\"SearchAction\",\"target\":{\"@type\":\"EntryPoint\",\"urlTemplate\":\"https:\/\/existoeninternet.com\/?s={search_term_string}\"},\"query-input\":{\"@type\":\"PropertyValueSpecification\",\"valueRequired\":true,\"valueName\":\"search_term_string\"}}],\"inLanguage\":\"en-US\"}]}<\/script>\n<!-- \/ Yoast SEO plugin. -->","yoast_head_json":{"title":"Veterinario profesional - Existo en Internet","robots":{"index":"index","follow":"follow","max-snippet":"max-snippet:-1","max-image-preview":"max-image-preview:large","max-video-preview":"max-video-preview:-1"},"canonical":"https:\/\/existoeninternet.com\/en\/veterinario-profesional\/","twitter_misc":{"Est. reading time":"13 minutes"},"schema":{"@context":"https:\/\/schema.org","@graph":[{"@type":"WebPage","@id":"https:\/\/existoeninternet.com\/en\/veterinario-profesional\/","url":"https:\/\/existoeninternet.com\/en\/veterinario-profesional\/","name":"Veterinario profesional - Existo en Internet","isPartOf":{"@id":"https:\/\/existoeninternet.com\/#website"},"datePublished":"2025-02-26T11:14:37+00:00","breadcrumb":{"@id":"https:\/\/existoeninternet.com\/en\/veterinario-profesional\/#breadcrumb"},"inLanguage":"en-US","potentialAction":[{"@type":"ReadAction","target":["https:\/\/existoeninternet.com\/en\/veterinario-profesional\/"]}]},{"@type":"BreadcrumbList","@id":"https:\/\/existoeninternet.com\/en\/veterinario-profesional\/#breadcrumb","itemListElement":[{"@type":"ListItem","position":1,"name":"Portada","item":"https:\/\/existoeninternet.com\/inicio\/"},{"@type":"ListItem","position":2,"name":"Veterinario profesional"}]},{"@type":"WebSite","@id":"https:\/\/existoeninternet.com\/#website","url":"https:\/\/existoeninternet.com\/","name":"Existo en Internet","description":"Existo en Internet","potentialAction":[{"@type":"SearchAction","target":{"@type":"EntryPoint","urlTemplate":"https:\/\/existoeninternet.com\/?s={search_term_string}"},"query-input":{"@type":"PropertyValueSpecification","valueRequired":true,"valueName":"search_term_string"}}],"inLanguage":"en-US"}]}},"_links":{"self":[{"href":"https:\/\/existoeninternet.com\/en\/wp-json\/wp\/v2\/pages\/468","targetHints":{"allow":["GET"]}}],"collection":[{"href":"https:\/\/existoeninternet.com\/en\/wp-json\/wp\/v2\/pages"}],"about":[{"href":"https:\/\/existoeninternet.com\/en\/wp-json\/wp\/v2\/types\/page"}],"author":[{"embeddable":true,"href":"https:\/\/existoeninternet.com\/en\/wp-json\/wp\/v2\/users\/1"}],"replies":[{"embeddable":true,"href":"https:\/\/existoeninternet.com\/en\/wp-json\/wp\/v2\/comments?post=468"}],"version-history":[{"count":0,"href":"https:\/\/existoeninternet.com\/en\/wp-json\/wp\/v2\/pages\/468\/revisions"}],"wp:attachment":[{"href":"https:\/\/existoeninternet.com\/en\/wp-json\/wp\/v2\/media?parent=468"}],"curies":[{"name":"wp","href":"https:\/\/api.w.org\/{rel}","templated":true}]}}